{"id":294,"date":"2024-02-28T06:49:36","date_gmt":"2024-02-28T05:49:36","guid":{"rendered":"http:\/\/wordpress2441988.home.pl\/autoinstalator\/wordpresspluslscache\/?page_id=294"},"modified":"2024-05-01T18:37:49","modified_gmt":"2024-05-01T16:37:49","slug":"single-apartment","status":"publish","type":"page","link":"http:\/\/www.Wille-Kozin.pl\/?page_id=294","title":{"rendered":"Apartament z 1 sypialni\u0105"},"content":{"rendered":"<p>[et_pb_section fb_built=&#8221;1&#8243; admin_label=&#8221;Header&#8221; _builder_version=&#8221;4.24.0&#8243; _module_preset=&#8221;default&#8221; background_image=&#8221;http:\/\/wordpress2441988.home.pl\/autoinstalator\/wordpresspluslscache\/wp-content\/uploads\/2024\/02\/DSC4408.jpg&#8221; min_height=&#8221;545px&#8221; collapsed=&#8221;off&#8221; global_colors_info=&#8221;{}&#8221;][et_pb_row _builder_version=&#8221;4.24.0&#8243; _module_preset=&#8221;default&#8221; max_width=&#8221;1005px&#8221; custom_padding=&#8221;28px|||||&#8221; global_colors_info=&#8221;{}&#8221;][et_pb_column type=&#8221;4_4&#8243; _builder_version=&#8221;4.17.4&#8243; _module_preset=&#8221;default&#8221; global_colors_info=&#8221;{}&#8221;][et_pb_text _builder_version=&#8221;4.17.4&#8243; _module_preset=&#8221;c9c4574d-66da-4074-bc01-a39a90242834&#8243; header_font=&#8221;Roboto Condensed|300||on|||||&#8221; header_text_color=&#8221;#FFFFFF&#8221; header_font_size=&#8221;150px&#8221; header_line_height=&#8221;1.15em&#8221; text_orientation=&#8221;center&#8221; header_font_size_tablet=&#8221;50px&#8221; header_font_size_phone=&#8221;30px&#8221; header_font_size_last_edited=&#8221;on|phone&#8221; global_colors_info=&#8221;{}&#8221;]<\/p>\n<h1><strong>apartamenty\u00a0<\/strong> dla 2-3 os\u00f3b<\/h1>\n<p>[\/et_pb_text][\/et_pb_column][\/et_pb_row][\/et_pb_section][et_pb_section fb_built=&#8221;1&#8243; _builder_version=&#8221;4.24.0&#8243; _module_preset=&#8221;default&#8221; use_background_color_gradient=&#8221;on&#8221; background_color_gradient_stops=&#8221;rgba(255,255,255,0) 85%|#f3eee8 100%&#8221; custom_padding=&#8221;13px|||||&#8221; global_colors_info=&#8221;{}&#8221;][et_pb_row _builder_version=&#8221;4.24.0&#8243; _module_preset=&#8221;default&#8221; custom_margin=&#8221;0px|auto||auto|false|false&#8221; global_colors_info=&#8221;{}&#8221;][et_pb_column type=&#8221;4_4&#8243; _builder_version=&#8221;4.24.0&#8243; _module_preset=&#8221;default&#8221; global_colors_info=&#8221;{}&#8221;][et_pb_text _builder_version=&#8221;4.24.0&#8243; _module_preset=&#8221;b327cbe4-b1d5-4b66-ad37-40c8f2f061ba&#8221; header_2_font=&#8221;Anton|||on|||||&#8221; header_2_text_color=&#8221;#0d232d&#8221; header_2_font_size=&#8221;70px&#8221; header_2_line_height=&#8221;1.15em&#8221; header_2_font_size_tablet=&#8221;32px&#8221; header_2_font_size_phone=&#8221;20px&#8221; header_2_font_size_last_edited=&#8221;on|phone&#8221; global_colors_info=&#8221;{}&#8221;]<\/p>\n<h2 style=\"text-align: center;\">Zarezerwuj teraz:<\/h2>\n<p>[\/et_pb_text][\/et_pb_column][\/et_pb_row][et_pb_row _builder_version=&#8221;4.24.0&#8243; _module_preset=&#8221;default&#8221; custom_padding=&#8221;17px|||||&#8221; global_colors_info=&#8221;{}&#8221;][et_pb_column type=&#8221;4_4&#8243; _builder_version=&#8221;4.24.0&#8243; _module_preset=&#8221;default&#8221; global_colors_info=&#8221;{}&#8221;][et_pb_code _builder_version=&#8221;4.24.0&#8243; _module_preset=&#8221;default&#8221; global_colors_info=&#8221;{}&#8221;] <iframe id=\"ra-reservation-form-v2-7744af0dcf421c310428a00c3c67552c\" style=\"width: 100%; height:100px; border: none; padding: 0;\" src=\"https:\/\/roomadmin.pl\/widget\/reservation-v2\/start?fh=11abbee090fb6f8df9ea41ede74047a7bc42196e&#038;style=%7B%22color_accent%22%3A%22%23262626%22%2C%22color_bg%22%3A%22%23FFFFFF%22%2C%22color_panel_header%22%3A%22%23FFFFFF%22%2C%22color_panel_body%22%3A%22%23FFFFFF%22%2C%22rounded_corners%22%3Atrue%7D&#038;filter=%7B%7D&#038;lang=pl\"><\/iframe> <script> try { (function () { var iframe = window.document.getElementById('ra-reservation-form-v2-7744af0dcf421c310428a00c3c67552c'); function raMessageReceiver(event) { if (iframe) { if (!event.data.sender || \"reservation-form-7744af0dcf421c310428a00c3c67552c\" !== event.data.sender) { return; } if (event.data.height) { iframe.style.height = (event.data.height + 10) + \"px\"; } if (event.data.event && event.data.event.name === \"widget.scrollup.requested\") { try { iframe.scrollIntoView({behavior: \"smooth\", block: \"start\"}); } catch (e) { } } if (event.data.event && event.data.event.name === \"reservation.submit.success\") { console.log(\"reservation.submit.success\", event.data.event.data.reservation); var moneyTotal = event.data.event.data.reservation.moneyTotal; \/* kwota rezerwacji wyra\u017cona w GROSZACH*\/ var id = event.data.event.data.reservation.id; \/*id rezerwacji*\/ } if (event.data.event && event.data.event.name === \"reservation.variant-search.start\") { \/*console.log(\"variant search started\"); *\/ } } } window.addEventListener(\"message\", raMessageReceiver, false); function setup() { try { iframe.contentWindow.postMessage({ location: window.location.toString(), setup: { autoHeight: true, senderName: \"reservation-form-7744af0dcf421c310428a00c3c67552c\" } }, \"*\"); } catch (e) { } } setInterval(setup, 1000); iframe.addEventListener(\"load\", setup); })(); } catch (e) { console.error(e); } <\/script> [\/et_pb_code][\/et_pb_column][\/et_pb_row][\/et_pb_section][et_pb_section fb_built=&#8221;1&#8243; admin_label=&#8221;Categories&#8221; _builder_version=&#8221;4.17.4&#8243; _module_preset=&#8221;default&#8221; background_color=&#8221;#F3EEE8&#8243; collapsed=&#8221;on&#8221; global_colors_info=&#8221;{}&#8221;][et_pb_row _builder_version=&#8221;4.24.0&#8243; _module_preset=&#8221;default&#8221; custom_padding=&#8221;|1px||||&#8221; global_colors_info=&#8221;{}&#8221;][et_pb_column type=&#8221;4_4&#8243; _builder_version=&#8221;4.17.4&#8243; _module_preset=&#8221;default&#8221; global_colors_info=&#8221;{}&#8221;][et_pb_text _builder_version=&#8221;4.17.4&#8243; _module_preset=&#8221;b327cbe4-b1d5-4b66-ad37-40c8f2f061ba&#8221; header_2_font=&#8221;Anton|||on|||||&#8221; header_2_text_color=&#8221;#0d232d&#8221; header_2_font_size=&#8221;70px&#8221; header_2_line_height=&#8221;1.15em&#8221; header_2_font_size_tablet=&#8221;32px&#8221; header_2_font_size_phone=&#8221;20px&#8221; header_2_font_size_last_edited=&#8221;on|phone&#8221; global_colors_info=&#8221;{}&#8221;]<\/p>\n<h2>apartament z 1 sypialni\u0105<\/h2>\n<p>[\/et_pb_text][\/et_pb_column][\/et_pb_row][et_pb_row _builder_version=&#8221;4.24.0&#8243; _module_preset=&#8221;default&#8221; custom_padding=&#8221;19px|||12px||&#8221; global_colors_info=&#8221;{}&#8221;][et_pb_column type=&#8221;4_4&#8243; _builder_version=&#8221;4.24.0&#8243; _module_preset=&#8221;default&#8221; global_colors_info=&#8221;{}&#8221;][et_pb_text _builder_version=&#8221;4.24.0&#8243; _module_preset=&#8221;1f09816e-184e-4ce5-a4cf-b39c52c423ca&#8221; text_font=&#8221;Raleway|500|||||||&#8221; text_text_color=&#8221;#0D291F&#8221; text_font_size=&#8221;17px&#8221; text_line_height=&#8221;1.75em&#8221; text_font_size_tablet=&#8221;15px&#8221; text_font_size_phone=&#8221;14px&#8221; text_font_size_last_edited=&#8221;on|phone&#8221; header_font_size_tablet=&#8221;55px&#8221; header_font_size_last_edited=&#8221;off|desktop&#8221; global_colors_info=&#8221;{}&#8221;]<\/p>\n<div class=\"multiple-text__text-container col-12 col-md-6\">\n<div class=\"element-container clearfix element-text\" id=\"element-container-EdJGe5\">\n<div class=\"element-container__element\">\n<div class=\"text__text text--single-line\">\n<div class=\"multiple-text__text-container col-12 col-md-6\">\n<div class=\"element-container clearfix element-text\" id=\"element-container-8aQA3y\">\n<div class=\"element-container__element\">\n<div class=\"text__text text--single-line\">\n<p>Oferujemy do wynaj\u0119cia apartament z jedn\u0105 sypialni\u0105 dla 2-3 os\u00f3b. Posesja po\u0142o\u017cona jest w odleg\u0142o\u015bci 100 m od jeziora Jagodne. Posiadamy w\u0142asny pomost do w\u0119dkowania i cumowania. Na posesji znajduje si\u0119 plac zabaw dla dzieci (hu\u015btawka, zje\u017cd\u017calnia, piaskownica).<\/p>\n<ul>\n<li class=\"ql-align-justify\">sypialnia z \u0142\u00f3\u017ckiem ma\u0142\u017ce\u0144skim dla 2 os\u00f3b,<\/li>\n<li class=\"ql-align-justify\">salon z aneksem kuchennym (w pe\u0142ni wyposa\u017cona kuchnia, kuchenka indukcyjna, kuchenka mikrofalowa, lod\u00f3wka),<\/li>\n<li class=\"ql-align-justify\">rozk\u0142adana kanapa 1 osobowa w salonie,<\/li>\n<li class=\"ql-align-justify\">\u0142azienka z wc i prysznicem,<\/li>\n<li class=\"ql-align-justify\">widok na jezioro Jagodne.<\/li>\n<\/ul>\n<p class=\"ca-paragraphs-2na6bg ca-paragraphs-RB8K2M animatable animatable--fade-on-scaleDown animatable--fade-on-scaleUp animatable--fade-on-revealRight animatable--animated animatable--finished\" style=\"--initial-opacity: 1; --initial-scale: 1; --initial-translatex: 0%; --initial-translatey: 0%;\">\n<\/div>\n<\/div>\n<\/div>\n<\/div>\n<\/div>\n<\/div>\n<\/div>\n<\/div>\n<p>[\/et_pb_text][\/et_pb_column][\/et_pb_row][\/et_pb_section][et_pb_section fb_built=&#8221;1&#8243; specialty=&#8221;on&#8221; _builder_version=&#8221;4.24.0&#8243; _module_preset=&#8221;default&#8221; global_colors_info=&#8221;{}&#8221;][et_pb_column type=&#8221;1_2&#8243; specialty_columns=&#8221;2&#8243; _builder_version=&#8221;4.16&#8243; custom_padding=&#8221;|||&#8221; global_colors_info=&#8221;{}&#8221; custom_padding__hover=&#8221;|||&#8221;][et_pb_row_inner _builder_version=&#8221;4.24.0&#8243; _module_preset=&#8221;default&#8221; global_colors_info=&#8221;{}&#8221;][et_pb_column_inner saved_specialty_column_type=&#8221;1_2&#8243; _builder_version=&#8221;4.24.0&#8243; _module_preset=&#8221;default&#8221; global_colors_info=&#8221;{}&#8221;][et_pb_text _builder_version=&#8221;4.24.0&#8243; _module_preset=&#8221;e6504a1b-67eb-4b3d-b023-bcab277610b6&#8243; link_font=&#8221;||||||||&#8221; link_text_color=&#8221;#AE8F73&#8243; header_4_font=&#8221;Open Sans|700||on|||||&#8221; header_4_text_color=&#8221;#AE8F73&#8243; header_4_font_size=&#8221;12px&#8221; header_4_letter_spacing=&#8221;0.2em&#8221; header_4_line_height=&#8221;1.5em&#8221; custom_margin=&#8221;||0px||false|false&#8221; global_colors_info=&#8221;{}&#8221;]<\/p>\n<h4>Apartament z 1 sypialni\u0105<\/h4>\n<p>[\/et_pb_text][et_pb_text _builder_version=&#8221;4.24.0&#8243; _module_preset=&#8221;b327cbe4-b1d5-4b66-ad37-40c8f2f061ba&#8221; header_2_font=&#8221;Anton|||on|||||&#8221; header_2_text_color=&#8221;#0d232d&#8221; header_2_font_size=&#8221;70px&#8221; header_2_line_height=&#8221;1.15em&#8221; header_2_font_size_tablet=&#8221;32px&#8221; header_2_font_size_phone=&#8221;20px&#8221; header_2_font_size_last_edited=&#8221;on|phone&#8221; global_colors_info=&#8221;{}&#8221;]<\/p>\n<h2>dla 2-3 os\u00f3b<\/h2>\n<p>[\/et_pb_text][\/et_pb_column_inner][\/et_pb_row_inner][et_pb_row_inner column_structure=&#8221;1_2,1_2&#8243; admin_label=&#8221;Wiersz&#8221; _builder_version=&#8221;4.17.4&#8243; _module_preset=&#8221;default&#8221; global_colors_info=&#8221;{}&#8221;][et_pb_column_inner type=&#8221;1_2&#8243; saved_specialty_column_type=&#8221;1_2&#8243; _builder_version=&#8221;4.17.4&#8243; _module_preset=&#8221;default&#8221; global_colors_info=&#8221;{}&#8221;][et_pb_image src=&#8221;http:\/\/wordpress2441988.home.pl\/autoinstalator\/wordpresspluslscache\/wp-content\/uploads\/2024\/02\/apartament-1-13.jpg&#8221; title_text=&#8221;apartament 1-13&#8243; _builder_version=&#8221;4.24.0&#8243; _module_preset=&#8221;default&#8221; global_colors_info=&#8221;{}&#8221;][\/et_pb_image][\/et_pb_column_inner][et_pb_column_inner type=&#8221;1_2&#8243; saved_specialty_column_type=&#8221;1_2&#8243; _builder_version=&#8221;4.17.4&#8243; _module_preset=&#8221;default&#8221; global_colors_info=&#8221;{}&#8221;][et_pb_image src=&#8221;http:\/\/wordpress2441988.home.pl\/autoinstalator\/wordpresspluslscache\/wp-content\/uploads\/2024\/02\/wille-kozin-39.jpg&#8221; title_text=&#8221;wille-kozin-39&#8243; _builder_version=&#8221;4.24.0&#8243; _module_preset=&#8221;default&#8221; locked=&#8221;off&#8221; global_colors_info=&#8221;{}&#8221;][\/et_pb_image][\/et_pb_column_inner][\/et_pb_row_inner][et_pb_row_inner column_structure=&#8221;1_2,1_2&#8243; admin_label=&#8221;Wiersz&#8221; _builder_version=&#8221;4.17.4&#8243; _module_preset=&#8221;default&#8221; global_colors_info=&#8221;{}&#8221;][et_pb_column_inner type=&#8221;1_2&#8243; saved_specialty_column_type=&#8221;1_2&#8243; _builder_version=&#8221;4.17.4&#8243; _module_preset=&#8221;default&#8221; global_colors_info=&#8221;{}&#8221;][et_pb_image src=&#8221;http:\/\/wordpress2441988.home.pl\/autoinstalator\/wordpresspluslscache\/wp-content\/uploads\/2024\/02\/wille-kozin-41.jpg&#8221; title_text=&#8221;wille-kozin-41&#8243; _builder_version=&#8221;4.24.0&#8243; _module_preset=&#8221;default&#8221; global_colors_info=&#8221;{}&#8221;][\/et_pb_image][\/et_pb_column_inner][et_pb_column_inner type=&#8221;1_2&#8243; saved_specialty_column_type=&#8221;1_2&#8243; _builder_version=&#8221;4.17.4&#8243; _module_preset=&#8221;default&#8221; global_colors_info=&#8221;{}&#8221;][et_pb_image src=&#8221;http:\/\/wordpress2441988.home.pl\/autoinstalator\/wordpresspluslscache\/wp-content\/uploads\/2024\/02\/wille-kozin-38.jpg&#8221; title_text=&#8221;wille-kozin-38&#8243; _builder_version=&#8221;4.24.0&#8243; _module_preset=&#8221;default&#8221; locked=&#8221;off&#8221; global_colors_info=&#8221;{}&#8221;][\/et_pb_image][\/et_pb_column_inner][\/et_pb_row_inner][et_pb_row_inner column_structure=&#8221;1_2,1_2&#8243; admin_label=&#8221;Wiersz&#8221; _builder_version=&#8221;4.17.4&#8243; _module_preset=&#8221;default&#8221; global_colors_info=&#8221;{}&#8221;][et_pb_column_inner type=&#8221;1_2&#8243; saved_specialty_column_type=&#8221;1_2&#8243; _builder_version=&#8221;4.17.4&#8243; _module_preset=&#8221;default&#8221; global_colors_info=&#8221;{}&#8221;][et_pb_image src=&#8221;http:\/\/wordpress2441988.home.pl\/autoinstalator\/wordpresspluslscache\/wp-content\/uploads\/2024\/02\/wille-kozin-37.jpg&#8221; title_text=&#8221;wille-kozin-37&#8243; _builder_version=&#8221;4.24.0&#8243; _module_preset=&#8221;default&#8221; global_colors_info=&#8221;{}&#8221;][\/et_pb_image][\/et_pb_column_inner][et_pb_column_inner type=&#8221;1_2&#8243; saved_specialty_column_type=&#8221;1_2&#8243; _builder_version=&#8221;4.17.4&#8243; _module_preset=&#8221;default&#8221; global_colors_info=&#8221;{}&#8221;][et_pb_image src=&#8221;http:\/\/wordpress2441988.home.pl\/autoinstalator\/wordpresspluslscache\/wp-content\/uploads\/2024\/02\/wille-kozin-43.jpg&#8221; title_text=&#8221;wille-kozin-43&#8243; _builder_version=&#8221;4.24.0&#8243; _module_preset=&#8221;default&#8221; locked=&#8221;off&#8221; global_colors_info=&#8221;{}&#8221;][\/et_pb_image][\/et_pb_column_inner][\/et_pb_row_inner][\/et_pb_column][et_pb_column type=&#8221;1_2&#8243; _builder_version=&#8221;4.16&#8243; custom_padding=&#8221;|||&#8221; global_colors_info=&#8221;{}&#8221; custom_padding__hover=&#8221;|||&#8221;][et_pb_image src=&#8221;http:\/\/wordpress2441988.home.pl\/autoinstalator\/wordpresspluslscache\/wp-content\/uploads\/2024\/02\/apt-1.jpg&#8221; title_text=&#8221;apt-1&#8243; _builder_version=&#8221;4.24.0&#8243; _module_preset=&#8221;default&#8221; height=&#8221;1000px&#8221; max_height=&#8221;749px&#8221; custom_margin=&#8221;|-13vw|||false|false&#8221; global_colors_info=&#8221;{}&#8221;][\/et_pb_image][\/et_pb_column][\/et_pb_section][et_pb_section fb_built=&#8221;1&#8243; _builder_version=&#8221;4.24.0&#8243; _module_preset=&#8221;default&#8221; background_image=&#8221;http:\/\/wordpress2441988.home.pl\/autoinstalator\/wordpresspluslscache\/wp-content\/uploads\/2024\/02\/selekcjasm-4.jpg&#8221; custom_padding=&#8221;||509px|||&#8221; global_colors_info=&#8221;{}&#8221;][\/et_pb_section][et_pb_section fb_built=&#8221;1&#8243; admin_label=&#8221;Footer&#8221; _builder_version=&#8221;4.17.4&#8243; _module_preset=&#8221;default&#8221; background_color=&#8221;#F3EEE8&#8243; saved_tabs=&#8221;all&#8221; collapsed=&#8221;on&#8221; global_colors_info=&#8221;{}&#8221;][et_pb_row _builder_version=&#8221;4.17.4&#8243; _module_preset=&#8221;default&#8221; global_colors_info=&#8221;{}&#8221;][et_pb_column type=&#8221;4_4&#8243; _builder_version=&#8221;4.17.4&#8243; _module_preset=&#8221;default&#8221; global_colors_info=&#8221;{}&#8221;][et_pb_text _builder_version=&#8221;4.24.0&#8243; _dynamic_attributes=&#8221;content&#8221; _module_preset=&#8221;4c43b4b6-66bf-432d-959a-705bda24a650&#8243; text_font=&#8221;Raleway|500|||||||&#8221; text_text_color=&#8221;#0D232D&#8221; text_line_height=&#8221;1.65em&#8221; text_orientation=&#8221;center&#8221; header_font_size_tablet=&#8221;55px&#8221; header_font_size_last_edited=&#8221;off|desktop&#8221; text_orientation_tablet=&#8221;left&#8221; text_orientation_phone=&#8221;&#8221; text_orientation_last_edited=&#8221;on|tablet&#8221; global_colors_info=&#8221;{}&#8221;]@ET-DC@eyJkeW5hbWljIjp0cnVlLCJjb250ZW50IjoiY3VycmVudF9kYXRlIiwic2V0dGluZ3MiOnsiYmVmb3JlIjoiQ29weXJpZ2h0ICZjb3B5OyAiLCJhZnRlciI6IlNtb2tlIEhvdXNlIHNwLiB6IG8uby4iLCJkYXRlX2Zvcm1hdCI6ImN1c3RvbSIsImN1c3RvbV9kYXRlX2Zvcm1hdCI6IlkgIn19@[\/et_pb_text][\/et_pb_column][\/et_pb_row][\/et_pb_section]<\/p>\n","protected":false},"excerpt":{"rendered":"<p>apartamenty\u00a0 dla 2-3 os\u00f3bZarezerwuj teraz:apartament z 1 sypialni\u0105 Oferujemy do wynaj\u0119cia apartament z jedn\u0105 sypialni\u0105 dla 2-3 os\u00f3b. Posesja po\u0142o\u017cona jest w odleg\u0142o\u015bci 100 m od jeziora Jagodne. Posiadamy w\u0142asny pomost do w\u0119dkowania i cumowania. Na posesji znajduje si\u0119 plac zabaw dla dzieci (hu\u015btawka, zje\u017cd\u017calnia, piaskownica). sypialnia z \u0142\u00f3\u017ckiem ma\u0142\u017ce\u0144skim dla 2 os\u00f3b, salon z [&hellip;]<\/p>\n","protected":false},"author":1,"featured_media":0,"parent":0,"menu_order":0,"comment_status":"closed","ping_status":"closed","template":"","meta":{"_et_pb_use_builder":"on","_et_pb_old_content":"","_et_gb_content_width":"","footnotes":""},"class_list":["post-294","page","type-page","status-publish","hentry"],"yoast_head":"<!-- This site is optimized with the Yoast SEO plugin v22.4 - https:\/\/yoast.com\/wordpress\/plugins\/seo\/ -->\n<title>Apartament z 1 sypialni\u0105 - Wille-Kozin.pl<\/title>\n<meta name=\"robots\" content=\"index, follow, max-snippet:-1, max-image-preview:large, max-video-preview:-1\" \/>\n<link rel=\"canonical\" href=\"http:\/\/www.Wille-Kozin.pl\/?page_id=294\" \/>\n<meta property=\"og:locale\" content=\"pl_PL\" \/>\n<meta property=\"og:type\" content=\"article\" \/>\n<meta property=\"og:title\" content=\"Apartament z 1 sypialni\u0105 - Wille-Kozin.pl\" \/>\n<meta property=\"og:description\" content=\"apartamenty\u00a0 dla 2-3 os\u00f3bZarezerwuj teraz:apartament z 1 sypialni\u0105 Oferujemy do wynaj\u0119cia apartament z jedn\u0105 sypialni\u0105 dla 2-3 os\u00f3b. Posesja po\u0142o\u017cona jest w odleg\u0142o\u015bci 100 m od jeziora Jagodne. Posiadamy w\u0142asny pomost do w\u0119dkowania i cumowania. Na posesji znajduje si\u0119 plac zabaw dla dzieci (hu\u015btawka, zje\u017cd\u017calnia, piaskownica). sypialnia z \u0142\u00f3\u017ckiem ma\u0142\u017ce\u0144skim dla 2 os\u00f3b, salon z [&hellip;]\" \/>\n<meta property=\"og:url\" content=\"http:\/\/www.Wille-Kozin.pl\/?page_id=294\" \/>\n<meta property=\"og:site_name\" content=\"Wille-Kozin.pl\" \/>\n<meta property=\"article:publisher\" content=\"https:\/\/www.facebook.com\/WilleKozin\/\" \/>\n<meta property=\"article:modified_time\" content=\"2024-05-01T16:37:49+00:00\" \/>\n<meta name=\"twitter:card\" content=\"summary_large_image\" \/>\n<meta name=\"twitter:label1\" content=\"Szacowany czas czytania\" \/>\n\t<meta name=\"twitter:data1\" content=\"7 minut\" \/>\n<script type=\"application\/ld+json\" class=\"yoast-schema-graph\">{\"@context\":\"https:\/\/schema.org\",\"@graph\":[{\"@type\":\"WebPage\",\"@id\":\"http:\/\/www.Wille-Kozin.pl\/?page_id=294\",\"url\":\"http:\/\/www.Wille-Kozin.pl\/?page_id=294\",\"name\":\"Apartament z 1 sypialni\u0105 - Wille-Kozin.pl\",\"isPartOf\":{\"@id\":\"https:\/\/www.Wille-Kozin.pl\/#website\"},\"datePublished\":\"2024-02-28T05:49:36+00:00\",\"dateModified\":\"2024-05-01T16:37:49+00:00\",\"breadcrumb\":{\"@id\":\"http:\/\/www.Wille-Kozin.pl\/?page_id=294#breadcrumb\"},\"inLanguage\":\"pl-PL\",\"potentialAction\":[{\"@type\":\"ReadAction\",\"target\":[\"http:\/\/www.Wille-Kozin.pl\/?page_id=294\"]}]},{\"@type\":\"BreadcrumbList\",\"@id\":\"http:\/\/www.Wille-Kozin.pl\/?page_id=294#breadcrumb\",\"itemListElement\":[{\"@type\":\"ListItem\",\"position\":1,\"name\":\"Strona g\u0142\u00f3wna\",\"item\":\"https:\/\/www.Wille-Kozin.pl\/\"},{\"@type\":\"ListItem\",\"position\":2,\"name\":\"Apartament z 1 sypialni\u0105\"}]},{\"@type\":\"WebSite\",\"@id\":\"https:\/\/www.Wille-Kozin.pl\/#website\",\"url\":\"https:\/\/www.Wille-Kozin.pl\/\",\"name\":\"Wille-Kozin.pl\",\"description\":\"\",\"potentialAction\":[{\"@type\":\"SearchAction\",\"target\":{\"@type\":\"EntryPoint\",\"urlTemplate\":\"https:\/\/www.Wille-Kozin.pl\/?s={search_term_string}\"},\"query-input\":\"required name=search_term_string\"}],\"inLanguage\":\"pl-PL\"}]}<\/script>\n<!-- \/ Yoast SEO plugin. -->","yoast_head_json":{"title":"Apartament z 1 sypialni\u0105 - Wille-Kozin.pl","robots":{"index":"index","follow":"follow","max-snippet":"max-snippet:-1","max-image-preview":"max-image-preview:large","max-video-preview":"max-video-preview:-1"},"canonical":"http:\/\/www.Wille-Kozin.pl\/?page_id=294","og_locale":"pl_PL","og_type":"article","og_title":"Apartament z 1 sypialni\u0105 - Wille-Kozin.pl","og_description":"apartamenty\u00a0 dla 2-3 os\u00f3bZarezerwuj teraz:apartament z 1 sypialni\u0105 Oferujemy do wynaj\u0119cia apartament z jedn\u0105 sypialni\u0105 dla 2-3 os\u00f3b. Posesja po\u0142o\u017cona jest w odleg\u0142o\u015bci 100 m od jeziora Jagodne. Posiadamy w\u0142asny pomost do w\u0119dkowania i cumowania. Na posesji znajduje si\u0119 plac zabaw dla dzieci (hu\u015btawka, zje\u017cd\u017calnia, piaskownica). sypialnia z \u0142\u00f3\u017ckiem ma\u0142\u017ce\u0144skim dla 2 os\u00f3b, salon z [&hellip;]","og_url":"http:\/\/www.Wille-Kozin.pl\/?page_id=294","og_site_name":"Wille-Kozin.pl","article_publisher":"https:\/\/www.facebook.com\/WilleKozin\/","article_modified_time":"2024-05-01T16:37:49+00:00","twitter_card":"summary_large_image","twitter_misc":{"Szacowany czas czytania":"7 minut"},"schema":{"@context":"https:\/\/schema.org","@graph":[{"@type":"WebPage","@id":"http:\/\/www.Wille-Kozin.pl\/?page_id=294","url":"http:\/\/www.Wille-Kozin.pl\/?page_id=294","name":"Apartament z 1 sypialni\u0105 - Wille-Kozin.pl","isPartOf":{"@id":"https:\/\/www.Wille-Kozin.pl\/#website"},"datePublished":"2024-02-28T05:49:36+00:00","dateModified":"2024-05-01T16:37:49+00:00","breadcrumb":{"@id":"http:\/\/www.Wille-Kozin.pl\/?page_id=294#breadcrumb"},"inLanguage":"pl-PL","potentialAction":[{"@type":"ReadAction","target":["http:\/\/www.Wille-Kozin.pl\/?page_id=294"]}]},{"@type":"BreadcrumbList","@id":"http:\/\/www.Wille-Kozin.pl\/?page_id=294#breadcrumb","itemListElement":[{"@type":"ListItem","position":1,"name":"Strona g\u0142\u00f3wna","item":"https:\/\/www.Wille-Kozin.pl\/"},{"@type":"ListItem","position":2,"name":"Apartament z 1 sypialni\u0105"}]},{"@type":"WebSite","@id":"https:\/\/www.Wille-Kozin.pl\/#website","url":"https:\/\/www.Wille-Kozin.pl\/","name":"Wille-Kozin.pl","description":"","potentialAction":[{"@type":"SearchAction","target":{"@type":"EntryPoint","urlTemplate":"https:\/\/www.Wille-Kozin.pl\/?s={search_term_string}"},"query-input":"required name=search_term_string"}],"inLanguage":"pl-PL"}]}},"_links":{"self":[{"href":"http:\/\/www.Wille-Kozin.pl\/index.php?rest_route=\/wp\/v2\/pages\/294","targetHints":{"allow":["GET"]}}],"collection":[{"href":"http:\/\/www.Wille-Kozin.pl\/index.php?rest_route=\/wp\/v2\/pages"}],"about":[{"href":"http:\/\/www.Wille-Kozin.pl\/index.php?rest_route=\/wp\/v2\/types\/page"}],"author":[{"embeddable":true,"href":"http:\/\/www.Wille-Kozin.pl\/index.php?rest_route=\/wp\/v2\/users\/1"}],"replies":[{"embeddable":true,"href":"http:\/\/www.Wille-Kozin.pl\/index.php?rest_route=%2Fwp%2Fv2%2Fcomments&post=294"}],"version-history":[{"count":7,"href":"http:\/\/www.Wille-Kozin.pl\/index.php?rest_route=\/wp\/v2\/pages\/294\/revisions"}],"predecessor-version":[{"id":353,"href":"http:\/\/www.Wille-Kozin.pl\/index.php?rest_route=\/wp\/v2\/pages\/294\/revisions\/353"}],"wp:attachment":[{"href":"http:\/\/www.Wille-Kozin.pl\/index.php?rest_route=%2Fwp%2Fv2%2Fmedia&parent=294"}],"curies":[{"name":"wp","href":"https:\/\/api.w.org\/{rel}","templated":true}]}}